{"id":123,"date":"2023-04-17T16:31:41","date_gmt":"2023-04-17T16:31:41","guid":{"rendered":"https:\/\/residenciasanjavier.com\/trabaja-con-nosotros"},"modified":"2024-05-29T15:57:58","modified_gmt":"2024-05-29T15:57:58","slug":"trabaja-con-nosotros","status":"publish","type":"page","link":"https:\/\/lesgavines.es\/ca\/trabaja-con-nosotros","title":{"rendered":"Treballa amb nosaltres"},"content":{"rendered":"\t\t<div data-elementor-type=\"wp-page\" data-elementor-id=\"123\" class=\"elementor elementor-123\" data-elementor-post-type=\"page\">\n\t\t\t\t\t\t<section class=\"elementor-section elementor-top-section elementor-element elementor-element-3547a2f9 elementor-section-full_width elementor-section-height-default elementor-section-height-default elementor-invisible\" data-id=\"3547a2f9\" data-element_type=\"section\" data-e-type=\"section\" data-settings=\"{&quot;background_background&quot;:&quot;gradient&quot;,&quot;animation&quot;:&quot;fadeInRight&quot;}\">\n\t\t\t\t\t\t\t<div class=\"elementor-background-overlay\"><\/div>\n\t\t\t\t\t\t\t<div class=\"elementor-container elementor-column-gap-default\">\n\t\t\t\t\t<div class=\"elementor-column elementor-col-100 elementor-top-column elementor-element elementor-element-129d7475\" data-id=\"129d7475\" data-element_type=\"column\" data-e-type=\"column\">\n\t\t\t<div class=\"elementor-widget-wrap elementor-element-populated\">\n\t\t\t\t\t\t<div class=\"elementor-element elementor-element-566e000c elementor-widget elementor-widget-heading\" data-id=\"566e000c\" data-element_type=\"widget\" data-e-type=\"widget\" data-widget_type=\"heading.default\">\n\t\t\t\t<div class=\"elementor-widget-container\">\n\t\t\t\t\t<h1 class=\"elementor-heading-title elementor-size-default\">Trabaja con nosotros<\/h1>\t\t\t\t<\/div>\n\t\t\t\t<\/div>\n\t\t\t\t\t<\/div>\n\t\t<\/div>\n\t\t\t\t\t<\/div>\n\t\t<\/section>\n\t\t\t\t<section class=\"elementor-section elementor-top-section elementor-element elementor-element-7843ff62 elementor-section-full_width elementor-section-height-min-height elementor-section-items-stretch elementor-section-content-middle elementor-section-height-default\" data-id=\"7843ff62\" data-element_type=\"section\" data-e-type=\"section\" id=\"about\" data-settings=\"{&quot;animation&quot;:&quot;none&quot;,&quot;background_background&quot;:&quot;classic&quot;}\">\n\t\t\t\t\t\t<div class=\"elementor-container elementor-column-gap-no\">\n\t\t\t\t\t<div class=\"elementor-column elementor-col-50 elementor-top-column elementor-element elementor-element-7b656c74\" data-id=\"7b656c74\" data-element_type=\"column\" data-e-type=\"column\" data-settings=\"{&quot;background_background&quot;:&quot;classic&quot;}\">\n\t\t\t<div class=\"elementor-widget-wrap elementor-element-populated\">\n\t\t\t\t\t\t<div class=\"elementor-element elementor-element-6daf1119 elementor-widget elementor-widget-spacer\" data-id=\"6daf1119\" data-element_type=\"widget\" data-e-type=\"widget\" data-widget_type=\"spacer.default\">\n\t\t\t\t<div class=\"elementor-widget-container\">\n\t\t\t\t\t\t\t<div class=\"elementor-spacer\">\n\t\t\t<div class=\"elementor-spacer-inner\"><\/div>\n\t\t<\/div>\n\t\t\t\t\t\t<\/div>\n\t\t\t\t<\/div>\n\t\t\t\t\t<\/div>\n\t\t<\/div>\n\t\t\t\t<div class=\"elementor-column elementor-col-50 elementor-top-column elementor-element elementor-element-5d8a19eb\" data-id=\"5d8a19eb\" data-element_type=\"column\" data-e-type=\"column\" data-settings=\"{&quot;background_background&quot;:&quot;classic&quot;}\">\n\t\t\t<div class=\"elementor-widget-wrap elementor-element-populated\">\n\t\t\t\t\t\t<div class=\"elementor-element elementor-element-56d3ccd elementor-shape-square elementor-widget__width-initial elementor-fixed elementor-hidden-mobile elementor-grid-0 e-grid-align-center elementor-widget elementor-widget-global elementor-global-2204 elementor-widget-social-icons\" data-id=\"56d3ccd\" data-element_type=\"widget\" data-e-type=\"widget\" data-settings=\"{&quot;_position&quot;:&quot;fixed&quot;}\" data-widget_type=\"social-icons.default\">\n\t\t\t\t<div class=\"elementor-widget-container\">\n\t\t\t\t\t\t\t<div class=\"elementor-social-icons-wrapper elementor-grid\" role=\"list\">\n\t\t\t\t\t\t\t<span class=\"elementor-grid-item\" role=\"listitem\">\n\t\t\t\t\t<a class=\"elementor-icon elementor-social-icon elementor-social-icon-instagram elementor-animation-shrink elementor-repeater-item-8e73903\" href=\"https:\/\/www.instagram.com\/residencialesgavines\/\" target=\"_blank\">\n\t\t\t\t\t\t<span class=\"elementor-screen-only\">Instagram<\/span>\n\t\t\t\t\t\t<i aria-hidden=\"true\" class=\"fab fa-instagram\"><\/i>\t\t\t\t\t<\/a>\n\t\t\t\t<\/span>\n\t\t\t\t\t\t\t<span class=\"elementor-grid-item\" role=\"listitem\">\n\t\t\t\t\t<a class=\"elementor-icon elementor-social-icon elementor-social-icon-envelope elementor-animation-shrink elementor-repeater-item-cf43832\" href=\"mailto:info@lesgavines.es\" target=\"_blank\">\n\t\t\t\t\t\t<span class=\"elementor-screen-only\">Envelope<\/span>\n\t\t\t\t\t\t<i aria-hidden=\"true\" class=\"fas fa-envelope\"><\/i>\t\t\t\t\t<\/a>\n\t\t\t\t<\/span>\n\t\t\t\t\t<\/div>\n\t\t\t\t\t\t<\/div>\n\t\t\t\t<\/div>\n\t\t\t\t<div class=\"elementor-element elementor-element-5cc00cd0 elementor-button-align-center elementor-widget elementor-widget-form\" data-id=\"5cc00cd0\" data-element_type=\"widget\" data-e-type=\"widget\" data-settings=\"{&quot;step_next_label&quot;:&quot;Next&quot;,&quot;step_previous_label&quot;:&quot;Previous&quot;,&quot;button_width&quot;:&quot;100&quot;,&quot;step_type&quot;:&quot;number_text&quot;,&quot;step_icon_shape&quot;:&quot;circle&quot;}\" data-widget_type=\"form.default\">\n\t\t\t\t<div class=\"elementor-widget-container\">\n\t\t\t\t\t\t\t<form class=\"elementor-form\" method=\"post\" name=\"New Form\" aria-label=\"New Form\">\n\t\t\t<input type=\"hidden\" name=\"post_id\" value=\"123\"\/>\n\t\t\t<input type=\"hidden\" name=\"form_id\" value=\"5cc00cd0\"\/>\n\t\t\t<input type=\"hidden\" name=\"referer_title\" value=\"Trabaja con nosotros - Residencia de Mayores y Centro de D\u00eda Les Gavines\" \/>\n\n\t\t\t\t\t\t\t<input type=\"hidden\" name=\"queried_id\" value=\"123\"\/>\n\t\t\t\n\t\t\t<div class=\"elementor-form-fields-wrapper elementor-labels-\">\n\t\t\t\t\t\t\t\t<div class=\"elementor-field-type-text elementor-field-group elementor-column elementor-field-group-nombre elementor-col-50 elementor-field-required\">\n\t\t\t\t\t\t\t\t\t\t\t\t<label for=\"form-field-nombre\" class=\"elementor-field-label elementor-screen-only\">\n\t\t\t\t\t\t\t\tNombre\t\t\t\t\t\t\t<\/label>\n\t\t\t\t\t\t\t\t\t\t\t\t\t\t<input size=\"1\" type=\"text\" name=\"form_fields[nombre]\" id=\"form-field-nombre\" class=\"elementor-field elementor-size-sm  elementor-field-textual\" placeholder=\"Nombre *\" required=\"required\">\n\t\t\t\t\t\t\t\t\t\t\t<\/div>\n\t\t\t\t\t\t\t\t<div class=\"elementor-field-type-text elementor-field-group elementor-column elementor-field-group-apellidos elementor-col-50 elementor-field-required\">\n\t\t\t\t\t\t\t\t\t\t\t\t<label for=\"form-field-apellidos\" class=\"elementor-field-label elementor-screen-only\">\n\t\t\t\t\t\t\t\tApellidos\t\t\t\t\t\t\t<\/label>\n\t\t\t\t\t\t\t\t\t\t\t\t\t\t<input size=\"1\" type=\"text\" name=\"form_fields[apellidos]\" id=\"form-field-apellidos\" class=\"elementor-field elementor-size-sm  elementor-field-textual\" placeholder=\"Apellidos *\" required=\"required\">\n\t\t\t\t\t\t\t\t\t\t\t<\/div>\n\t\t\t\t\t\t\t\t<div class=\"elementor-field-type-email elementor-field-group elementor-column elementor-field-group-email elementor-col-50 elementor-field-required\">\n\t\t\t\t\t\t\t\t\t\t\t\t<label for=\"form-field-email\" class=\"elementor-field-label elementor-screen-only\">\n\t\t\t\t\t\t\t\tEmail\t\t\t\t\t\t\t<\/label>\n\t\t\t\t\t\t\t\t\t\t\t\t\t\t<input size=\"1\" type=\"email\" name=\"form_fields[email]\" id=\"form-field-email\" class=\"elementor-field elementor-size-sm  elementor-field-textual\" placeholder=\"Email *\" required=\"required\">\n\t\t\t\t\t\t\t\t\t\t\t<\/div>\n\t\t\t\t\t\t\t\t<div class=\"elementor-field-type-tel elementor-field-group elementor-column elementor-field-group-telefono elementor-col-50\">\n\t\t\t\t\t\t\t\t\t\t\t\t<label for=\"form-field-telefono\" class=\"elementor-field-label elementor-screen-only\">\n\t\t\t\t\t\t\t\tPhone\t\t\t\t\t\t\t<\/label>\n\t\t\t\t\t\t\t\t<input size=\"1\" type=\"tel\" name=\"form_fields[telefono]\" id=\"form-field-telefono\" class=\"elementor-field elementor-size-sm  elementor-field-textual\" placeholder=\"Tel\u00e9fono\" pattern=\"[0-9()#&amp;+*-=.]+\" title=\"Only numbers and phone characters (#, -, *, etc) are accepted.\">\n\n\t\t\t\t\t\t<\/div>\n\t\t\t\t\t\t\t\t<div class=\"elementor-field-type-textarea elementor-field-group elementor-column elementor-field-group-mensaje elementor-col-100 elementor-field-required\">\n\t\t\t\t\t\t\t\t\t\t\t\t<label for=\"form-field-mensaje\" class=\"elementor-field-label elementor-screen-only\">\n\t\t\t\t\t\t\t\tMensaje\t\t\t\t\t\t\t<\/label>\n\t\t\t\t\t\t<textarea class=\"elementor-field-textual elementor-field  elementor-size-sm\" name=\"form_fields[mensaje]\" id=\"form-field-mensaje\" rows=\"4\" placeholder=\"Mensaje *\" required=\"required\"><\/textarea>\t\t\t\t<\/div>\n\t\t\t\t\t\t\t\t<div class=\"elementor-field-type-html elementor-field-group elementor-column elementor-field-group-field_b04c07b elementor-col-100\">\n\t\t\t\t\t<b>Env\u00edanos tu curriculum <\/b>y lo a\u00f1adiremos en nuestra base de datos para futuros procesos de selecci\u00f3n. \t\t\t\t<\/div>\n\t\t\t\t\t\t\t\t<div class=\"elementor-field-type-upload elementor-field-group elementor-column elementor-field-group-field_f2fad92 elementor-col-100\">\n\t\t\t\t\t\t\t\t\t\t\t\t<label for=\"form-field-field_f2fad92\" class=\"elementor-field-label elementor-screen-only\">\n\t\t\t\t\t\t\t\tPDF\t\t\t\t\t\t\t<\/label>\n\t\t\t\t\t\t\t\t<input type=\"file\" name=\"form_fields[field_f2fad92]\" id=\"form-field-field_f2fad92\" class=\"elementor-field elementor-size-sm  elementor-upload-field\" data-maxsize=\"5\" data-maxsize-message=\"This file exceeds the maximum allowed size.\">\n\n\t\t\t\t\t\t<\/div>\n\t\t\t\t\t\t\t\t<div class=\"elementor-field-type-html elementor-field-group elementor-column elementor-field-group-field_76541f2 elementor-col-100\">\n\t\t\t\t\t<i><font size=\"2\"><p style=\"line-height: 100%;\">El archivo tiene que ser PDF y de un tama\u00f1o m\u00e1ximo de 5MB.<\/p><\/font><\/i>\n\n\t\t\t\t<\/div>\n\t\t\t\t\t\t\t\t<div class=\"elementor-field-type-acceptance elementor-field-group elementor-column elementor-field-group-field_f3cc0f6 elementor-col-100 elementor-field-required\">\n\t\t\t\t\t\t\t\t\t\t\t\t<label for=\"form-field-field_f3cc0f6\" class=\"elementor-field-label elementor-screen-only\">\n\t\t\t\t\t\t\t\tAceptaci\u00f3n\t\t\t\t\t\t\t<\/label>\n\t\t\t\t\t\t\t\t<div class=\"elementor-field-subgroup\">\n\t\t\t<span class=\"elementor-field-option\">\n\t\t\t\t<input type=\"checkbox\" name=\"form_fields[field_f3cc0f6]\" id=\"form-field-field_f3cc0f6\" class=\"elementor-field elementor-size-sm  elementor-acceptance-field\" required=\"required\">\n\t\t\t\t<label for=\"form-field-field_f3cc0f6\">He le\u00eddo y acepto la <a href=\"\/aviso-legal\">Pol\u00edtica de privacidad *<\/a>\n<\/label>\t\t\t<\/span>\n\t\t<\/div>\n\t\t\t\t\t\t<\/div>\n\t\t\t\t\t\t\t\t<div class=\"elementor-field-type-acceptance elementor-field-group elementor-column elementor-field-group-field_5c3181b elementor-col-100\">\n\t\t\t\t\t\t\t\t\t\t\t\t<label for=\"form-field-field_5c3181b\" class=\"elementor-field-label elementor-screen-only\">\n\t\t\t\t\t\t\t\tRecibir Informaci\u00f3n\t\t\t\t\t\t\t<\/label>\n\t\t\t\t\t\t\t\t<div class=\"elementor-field-subgroup\">\n\t\t\t<span class=\"elementor-field-option\">\n\t\t\t\t<input type=\"checkbox\" name=\"form_fields[field_5c3181b]\" id=\"form-field-field_5c3181b\" class=\"elementor-field elementor-size-sm  elementor-acceptance-field\">\n\t\t\t\t<label for=\"form-field-field_5c3181b\">Deseo recibir informaci\u00f3n comercial de productos\/servicios\n<p><\/p>\n\n<i><font size=\"2\"><p style=\"line-height: 100%;\">\n\nLos datos personales solicitados a trav\u00e9s de este formulario son los m\u00ednimos necesarios para atender su solicitud y ser\u00e1n tratados por LA RESIDENCIA DE MAYORES Y CENTRO DE D\u00cdA LES GAVINES de acuerdo a lo establecido en nuestra <u><a href=\"\/aviso-legal\">POL\u00cdTICA DE PRIVACIDAD<\/a><\/u> con la finalidad de poder atender cualquier consulta que realice desde este formulario.\n<\/p><\/font><\/i>\n\n<i><font size=\"2\"><p style=\"line-height: 100%;\">\nLos datos recabados por este formulario no se ceder\u00e1n a terceros salvo por obligaci\u00f3n legal. Le recordamos que usted tiene derecho al acceso, rectificaci\u00f3n, limitaci\u00f3n de tratamiento, supresi\u00f3n, portabilidad y oposici\u00f3n al tratamiento de sus datos dirigiendo su petici\u00f3n a la direcci\u00f3n postal indicada o al correo electr\u00f3nico <b>info@lesgavines.es<\/b>. Igualmente puede dirigirse a nosotros para cualquier aclaraci\u00f3n adicional.\n<\/p><\/font><\/i><\/label>\t\t\t<\/span>\n\t\t<\/div>\n\t\t\t\t\t\t<\/div>\n\t\t\t\t\t\t\t\t<div class=\"elementor-field-type-recaptcha_v3 elementor-field-group elementor-column elementor-field-group-field_b231105 elementor-col-100 recaptcha_v3-bottomright\">\n\t\t\t\t\t<div class=\"elementor-field\" id=\"form-field-field_b231105\"><div class=\"elementor-g-recaptcha\" data-sitekey=\"6LdA3twsAAAAAEguojuZddO5YWDW0WdyvNpaWUNl\" data-type=\"v3\" data-action=\"Form\" data-badge=\"bottomright\" data-size=\"invisible\"><\/div><\/div>\t\t\t\t<\/div>\n\t\t\t\t\t\t\t\t<div class=\"elementor-field-group elementor-column elementor-field-type-submit elementor-col-100 e-form__buttons\">\n\t\t\t\t\t<button class=\"elementor-button elementor-size-sm\" type=\"submit\">\n\t\t\t\t\t\t<span class=\"elementor-button-content-wrapper\">\n\t\t\t\t\t\t\t\t\t\t\t\t\t\t\t\t\t\t\t\t\t\t<span class=\"elementor-button-text\">ENVIAR<\/span>\n\t\t\t\t\t\t\t\t\t\t\t\t\t<\/span>\n\t\t\t\t\t<\/button>\n\t\t\t\t<\/div>\n\t\t\t<\/div>\n\t\t<\/form>\n\t\t\t\t\t\t<\/div>\n\t\t\t\t<\/div>\n\t\t\t\t\t<\/div>\n\t\t<\/div>\n\t\t\t\t\t<\/div>\n\t\t<\/section>\n\t\t\t\t<\/div>\n\t\t","protected":false},"excerpt":{"rendered":"<p>Facebook Youtube Instagram Envelope<\/p>","protected":false},"author":1,"featured_media":2511,"parent":0,"menu_order":0,"comment_status":"closed","ping_status":"closed","template":"","meta":{"inline_featured_image":false,"footnotes":""},"class_list":["post-123","page","type-page","status-publish","has-post-thumbnail","hentry"],"yoast_head":"<!-- This site is optimized with the Yoast SEO plugin v27.6 - https:\/\/yoast.com\/product\/yoast-seo-wordpress\/ -->\n<title>Trabaja con nosotros - Residencia de Mayores y Centro de D\u00eda Les Gavines<\/title>\n<meta name=\"description\" content=\"Si buscas una oportunidad laboral. Env\u00edanos tu curriculum y trabaja con nosotros. Te incluiremos en futuros procesos de selecci\u00f3n.\" \/>\n<meta name=\"robots\" content=\"index, follow, max-snippet:-1, max-image-preview:large, max-video-preview:-1\" \/>\n<link rel=\"canonical\" href=\"https:\/\/lesgavines.es\/ca\/trabaja-con-nosotros\/\" \/>\n<meta property=\"og:locale\" content=\"ca_ES\" \/>\n<meta property=\"og:type\" content=\"article\" \/>\n<meta property=\"og:title\" content=\"Trabaja con nosotros - Residencia de Mayores y Centro de D\u00eda Les Gavines\" \/>\n<meta property=\"og:description\" content=\"Si buscas una oportunidad laboral. Env\u00edanos tu curriculum y trabaja con nosotros. Te incluiremos en futuros procesos de selecci\u00f3n.\" \/>\n<meta property=\"og:url\" content=\"https:\/\/lesgavines.es\/ca\/trabaja-con-nosotros\/\" \/>\n<meta property=\"og:site_name\" content=\"Residencia de Mayores y Centro de D\u00eda Les Gavines\" \/>\n<meta property=\"article:modified_time\" content=\"2024-05-29T15:57:58+00:00\" \/>\n<meta property=\"og:image\" content=\"https:\/\/lesgavines.es\/wp-content\/uploads\/2023\/12\/RESIDENCIA-SAN-JAVIER-WEB-16.jpg\" \/>\n\t<meta property=\"og:image:width\" content=\"1200\" \/>\n\t<meta property=\"og:image:height\" content=\"675\" \/>\n\t<meta property=\"og:image:type\" content=\"image\/jpeg\" \/>\n<meta name=\"twitter:card\" content=\"summary_large_image\" \/>\n<meta name=\"twitter:label1\" content=\"Temps estimat de lectura\" \/>\n\t<meta name=\"twitter:data1\" content=\"1 minut\" \/>\n<script type=\"application\/ld+json\" class=\"yoast-schema-graph\">{\"@context\":\"https:\\\/\\\/schema.org\",\"@graph\":[{\"@type\":\"WebPage\",\"@id\":\"https:\\\/\\\/lesgavines.es\\\/trabaja-con-nosotros\",\"url\":\"https:\\\/\\\/lesgavines.es\\\/trabaja-con-nosotros\",\"name\":\"Trabaja con nosotros - Residencia de Mayores y Centro de D\u00eda Les Gavines\",\"isPartOf\":{\"@id\":\"https:\\\/\\\/lesgavines.es\\\/#website\"},\"primaryImageOfPage\":{\"@id\":\"https:\\\/\\\/lesgavines.es\\\/trabaja-con-nosotros#primaryimage\"},\"image\":{\"@id\":\"https:\\\/\\\/lesgavines.es\\\/trabaja-con-nosotros#primaryimage\"},\"thumbnailUrl\":\"https:\\\/\\\/lesgavines.es\\\/wp-content\\\/uploads\\\/2023\\\/12\\\/RESIDENCIA-SAN-JAVIER-WEB-16.jpg\",\"datePublished\":\"2023-04-17T16:31:41+00:00\",\"dateModified\":\"2024-05-29T15:57:58+00:00\",\"description\":\"Si buscas una oportunidad laboral. Env\u00edanos tu curriculum y trabaja con nosotros. Te incluiremos en futuros procesos de selecci\u00f3n.\",\"breadcrumb\":{\"@id\":\"https:\\\/\\\/lesgavines.es\\\/trabaja-con-nosotros#breadcrumb\"},\"inLanguage\":\"ca\",\"potentialAction\":[{\"@type\":\"ReadAction\",\"target\":[\"https:\\\/\\\/lesgavines.es\\\/trabaja-con-nosotros\"]}]},{\"@type\":\"ImageObject\",\"inLanguage\":\"ca\",\"@id\":\"https:\\\/\\\/lesgavines.es\\\/trabaja-con-nosotros#primaryimage\",\"url\":\"https:\\\/\\\/lesgavines.es\\\/wp-content\\\/uploads\\\/2023\\\/12\\\/RESIDENCIA-SAN-JAVIER-WEB-16.jpg\",\"contentUrl\":\"https:\\\/\\\/lesgavines.es\\\/wp-content\\\/uploads\\\/2023\\\/12\\\/RESIDENCIA-SAN-JAVIER-WEB-16.jpg\",\"width\":1200,\"height\":675,\"caption\":\"Trabaja con nosotros\"},{\"@type\":\"BreadcrumbList\",\"@id\":\"https:\\\/\\\/lesgavines.es\\\/trabaja-con-nosotros#breadcrumb\",\"itemListElement\":[{\"@type\":\"ListItem\",\"position\":1,\"name\":\"Portada\",\"item\":\"https:\\\/\\\/lesgavines.es\\\/\"},{\"@type\":\"ListItem\",\"position\":2,\"name\":\"Trabaja con nosotros\"}]},{\"@type\":\"WebSite\",\"@id\":\"https:\\\/\\\/lesgavines.es\\\/#website\",\"url\":\"https:\\\/\\\/lesgavines.es\\\/\",\"name\":\"Residencia de mayores San Javier\",\"description\":\"Residencia de Mayores Les Gavines\",\"publisher\":{\"@id\":\"https:\\\/\\\/lesgavines.es\\\/#organization\"},\"alternateName\":\"Residencia Rosal del Atrio\",\"potentialAction\":[{\"@type\":\"SearchAction\",\"target\":{\"@type\":\"EntryPoint\",\"urlTemplate\":\"https:\\\/\\\/lesgavines.es\\\/?s={search_term_string}\"},\"query-input\":{\"@type\":\"PropertyValueSpecification\",\"valueRequired\":true,\"valueName\":\"search_term_string\"}}],\"inLanguage\":\"ca\"},{\"@type\":\"Organization\",\"@id\":\"https:\\\/\\\/lesgavines.es\\\/#organization\",\"name\":\"Residencia de mayores San Javier\",\"alternateName\":\"Residencia de Mayores\",\"url\":\"https:\\\/\\\/lesgavines.es\\\/\",\"logo\":{\"@type\":\"ImageObject\",\"inLanguage\":\"ca\",\"@id\":\"https:\\\/\\\/lesgavines.es\\\/#\\\/schema\\\/logo\\\/image\\\/\",\"url\":\"\",\"contentUrl\":\"\",\"caption\":\"Residencia de mayores San Javier\"},\"image\":{\"@id\":\"https:\\\/\\\/lesgavines.es\\\/#\\\/schema\\\/logo\\\/image\\\/\"}}]}<\/script>\n<!-- \/ Yoast SEO plugin. -->","yoast_head_json":{"title":"Trabaja con nosotros - Residencia de Mayores y Centro de D\u00eda Les Gavines","description":"Si buscas una oportunidad laboral. Env\u00edanos tu curriculum y trabaja con nosotros. Te incluiremos en futuros procesos de selecci\u00f3n.","robots":{"index":"index","follow":"follow","max-snippet":"max-snippet:-1","max-image-preview":"max-image-preview:large","max-video-preview":"max-video-preview:-1"},"canonical":"https:\/\/lesgavines.es\/ca\/trabaja-con-nosotros\/","og_locale":"ca_ES","og_type":"article","og_title":"Trabaja con nosotros - Residencia de Mayores y Centro de D\u00eda Les Gavines","og_description":"Si buscas una oportunidad laboral. Env\u00edanos tu curriculum y trabaja con nosotros. Te incluiremos en futuros procesos de selecci\u00f3n.","og_url":"https:\/\/lesgavines.es\/ca\/trabaja-con-nosotros\/","og_site_name":"Residencia de Mayores y Centro de D\u00eda Les Gavines","article_modified_time":"2024-05-29T15:57:58+00:00","og_image":[{"width":1200,"height":675,"url":"https:\/\/lesgavines.es\/wp-content\/uploads\/2023\/12\/RESIDENCIA-SAN-JAVIER-WEB-16.jpg","type":"image\/jpeg"}],"twitter_card":"summary_large_image","twitter_misc":{"Temps estimat de lectura":"1 minut"},"schema":{"@context":"https:\/\/schema.org","@graph":[{"@type":"WebPage","@id":"https:\/\/lesgavines.es\/trabaja-con-nosotros","url":"https:\/\/lesgavines.es\/trabaja-con-nosotros","name":"Trabaja con nosotros - Residencia de Mayores y Centro de D\u00eda Les Gavines","isPartOf":{"@id":"https:\/\/lesgavines.es\/#website"},"primaryImageOfPage":{"@id":"https:\/\/lesgavines.es\/trabaja-con-nosotros#primaryimage"},"image":{"@id":"https:\/\/lesgavines.es\/trabaja-con-nosotros#primaryimage"},"thumbnailUrl":"https:\/\/lesgavines.es\/wp-content\/uploads\/2023\/12\/RESIDENCIA-SAN-JAVIER-WEB-16.jpg","datePublished":"2023-04-17T16:31:41+00:00","dateModified":"2024-05-29T15:57:58+00:00","description":"Si buscas una oportunidad laboral. Env\u00edanos tu curriculum y trabaja con nosotros. Te incluiremos en futuros procesos de selecci\u00f3n.","breadcrumb":{"@id":"https:\/\/lesgavines.es\/trabaja-con-nosotros#breadcrumb"},"inLanguage":"ca","potentialAction":[{"@type":"ReadAction","target":["https:\/\/lesgavines.es\/trabaja-con-nosotros"]}]},{"@type":"ImageObject","inLanguage":"ca","@id":"https:\/\/lesgavines.es\/trabaja-con-nosotros#primaryimage","url":"https:\/\/lesgavines.es\/wp-content\/uploads\/2023\/12\/RESIDENCIA-SAN-JAVIER-WEB-16.jpg","contentUrl":"https:\/\/lesgavines.es\/wp-content\/uploads\/2023\/12\/RESIDENCIA-SAN-JAVIER-WEB-16.jpg","width":1200,"height":675,"caption":"Trabaja con nosotros"},{"@type":"BreadcrumbList","@id":"https:\/\/lesgavines.es\/trabaja-con-nosotros#breadcrumb","itemListElement":[{"@type":"ListItem","position":1,"name":"Portada","item":"https:\/\/lesgavines.es\/"},{"@type":"ListItem","position":2,"name":"Trabaja con nosotros"}]},{"@type":"WebSite","@id":"https:\/\/lesgavines.es\/#website","url":"https:\/\/lesgavines.es\/","name":"Residencia de mayores San Javier","description":"Residencia de Mayores Les Gavines","publisher":{"@id":"https:\/\/lesgavines.es\/#organization"},"alternateName":"Residencia Rosal del Atrio","potentialAction":[{"@type":"SearchAction","target":{"@type":"EntryPoint","urlTemplate":"https:\/\/lesgavines.es\/?s={search_term_string}"},"query-input":{"@type":"PropertyValueSpecification","valueRequired":true,"valueName":"search_term_string"}}],"inLanguage":"ca"},{"@type":"Organization","@id":"https:\/\/lesgavines.es\/#organization","name":"Residencia de mayores San Javier","alternateName":"Residencia de Mayores","url":"https:\/\/lesgavines.es\/","logo":{"@type":"ImageObject","inLanguage":"ca","@id":"https:\/\/lesgavines.es\/#\/schema\/logo\/image\/","url":"","contentUrl":"","caption":"Residencia de mayores San Javier"},"image":{"@id":"https:\/\/lesgavines.es\/#\/schema\/logo\/image\/"}}]}},"_links":{"self":[{"href":"https:\/\/lesgavines.es\/ca\/wp-json\/wp\/v2\/pages\/123","targetHints":{"allow":["GET"]}}],"collection":[{"href":"https:\/\/lesgavines.es\/ca\/wp-json\/wp\/v2\/pages"}],"about":[{"href":"https:\/\/lesgavines.es\/ca\/wp-json\/wp\/v2\/types\/page"}],"author":[{"embeddable":true,"href":"https:\/\/lesgavines.es\/ca\/wp-json\/wp\/v2\/users\/1"}],"replies":[{"embeddable":true,"href":"https:\/\/lesgavines.es\/ca\/wp-json\/wp\/v2\/comments?post=123"}],"version-history":[{"count":101,"href":"https:\/\/lesgavines.es\/ca\/wp-json\/wp\/v2\/pages\/123\/revisions"}],"predecessor-version":[{"id":3093,"href":"https:\/\/lesgavines.es\/ca\/wp-json\/wp\/v2\/pages\/123\/revisions\/3093"}],"wp:featuredmedia":[{"embeddable":true,"href":"https:\/\/lesgavines.es\/ca\/wp-json\/wp\/v2\/media\/2511"}],"wp:attachment":[{"href":"https:\/\/lesgavines.es\/ca\/wp-json\/wp\/v2\/media?parent=123"}],"curies":[{"name":"wp","href":"https:\/\/api.w.org\/{rel}","templated":true}]}}